{"id":1798,"date":"2023-08-07T16:38:04","date_gmt":"2023-08-07T16:38:04","guid":{"rendered":"https:\/\/masvidaacapulco.com\/?page_id=1798"},"modified":"2025-05-27T17:26:49","modified_gmt":"2025-05-27T17:26:49","slug":"consultorio","status":"publish","type":"page","link":"https:\/\/masvidaacapulco.com\/index.php\/consultorio\/","title":{"rendered":"Consultorio"},"content":{"rendered":"\t\t<div data-elementor-type=\"wp-post\" data-elementor-id=\"1798\" class=\"elementor elementor-1798\">\n\t\t\t\t\t\t<section class=\"elementor-section elementor-top-section elementor-element elementor-element-4ae63c00 elementor-section-height-min-height elementor-section-boxed elementor-section-height-default elementor-section-items-middle elementor-invisible\" data-id=\"4ae63c00\" data-element_type=\"section\" data-settings=\"{&quot;background_background&quot;:&quot;classic&quot;,&quot;animation&quot;:&quot;fadeIn&quot;}\">\n\t\t\t\t\t\t\t<div class=\"elementor-background-overlay\"><\/div>\n\t\t\t\t\t\t\t<div class=\"elementor-container elementor-column-gap-no\">\n\t\t\t\t\t<div class=\"elementor-column elementor-col-100 elementor-top-column elementor-element elementor-element-2df56f35\" data-id=\"2df56f35\" data-element_type=\"column\">\n\t\t\t<div class=\"elementor-widget-wrap elementor-element-populated\">\n\t\t\t\t\t\t<div class=\"elementor-element elementor-element-2afa6b23 elementor-widget elementor-widget-heading\" data-id=\"2afa6b23\" data-element_type=\"widget\" data-widget_type=\"heading.default\">\n\t\t\t\t<div class=\"elementor-widget-container\">\n\t\t\t\t\t<h1 class=\"elementor-heading-title elementor-size-default\">Consultorio<\/h1>\t\t\t\t<\/div>\n\t\t\t\t<\/div>\n\t\t\t\t<div class=\"elementor-element elementor-element-7a01cb37 elementor-widget__width-initial elementor-widget elementor-widget-heading\" data-id=\"7a01cb37\" data-element_type=\"widget\" data-widget_type=\"heading.default\">\n\t\t\t\t<div class=\"elementor-widget-container\">\n\t\t\t\t\t<h6 class=\"elementor-heading-title elementor-size-medium\">En \"M\u00e1s Vida\", adem\u00e1s de ofrecer an\u00e1lisis cl\u00ednicos de calidad, ofrecemos consulta m\u00e9dica personalizada, para cuidar tu salud integral.<\/h6>\t\t\t\t<\/div>\n\t\t\t\t<\/div>\n\t\t\t\t\t<\/div>\n\t\t<\/div>\n\t\t\t\t\t<\/div>\n\t\t<\/section>\n\t\t<div class=\"elementor-element elementor-element-47c13f9 e-flex e-con-boxed e-con e-parent\" data-id=\"47c13f9\" data-element_type=\"container\" data-settings=\"{&quot;background_background&quot;:&quot;classic&quot;}\">\n\t\t\t\t\t<div class=\"e-con-inner\">\n\t\t<div class=\"elementor-element elementor-element-ae9b05a e-con-full e-flex e-con e-child\" data-id=\"ae9b05a\" data-element_type=\"container\">\n\t\t\t\t<div class=\"elementor-element elementor-element-061bdee elementor-widget elementor-widget-text-editor\" data-id=\"061bdee\" data-element_type=\"widget\" data-widget_type=\"text-editor.default\">\n\t\t\t\t<div class=\"elementor-widget-container\">\n\t\t\t\t\t\t\t\t\t<p>\u00bfTienes alguna duda sobre s\u00edntomas que est\u00e1s experimentando?<\/p><p>\u00bfNecesitas consejos para mejorar tu alimentaci\u00f3n y h\u00e1bitos diarios?<\/p><p>\u00bfQuieres informaci\u00f3n sobre prevenci\u00f3n de enfermedades?<\/p><p>En nuestro Consultorio, estamos listos para escucharte y proporcionarte la ayuda que necesitas.<\/p>\t\t\t\t\t\t\t\t<\/div>\n\t\t\t\t<\/div>\n\t\t\t\t<\/div>\n\t\t\t\t\t<\/div>\n\t\t\t\t<\/div>\n\t\t<div class=\"elementor-element elementor-element-feca5bc e-con-full e-flex e-con e-parent\" data-id=\"feca5bc\" data-element_type=\"container\" data-settings=\"{&quot;background_background&quot;:&quot;classic&quot;}\">\n\t\t\t\t<div class=\"elementor-element elementor-element-e7e42f0 elementor-widget elementor-widget-text-editor\" data-id=\"e7e42f0\" data-element_type=\"widget\" data-widget_type=\"text-editor.default\">\n\t\t\t\t<div class=\"elementor-widget-container\">\n\t\t\t\t\t\t\t\t\t<h3>Servicios del Consultorio<\/h3>\t\t\t\t\t\t\t\t<\/div>\n\t\t\t\t<\/div>\n\t\t\t\t<\/div>\n\t\t\t\t<section class=\"elementor-section elementor-inner-section elementor-element elementor-element-4763e97b elementor-section-boxed elementor-section-height-default elementor-section-height-default\" data-id=\"4763e97b\" data-element_type=\"section\" data-settings=\"{&quot;background_background&quot;:&quot;classic&quot;}\">\n\t\t\t\t\t\t<div class=\"elementor-container elementor-column-gap-default\">\n\t\t\t\t\t<div class=\"elementor-column elementor-col-50 elementor-inner-column elementor-element elementor-element-4ed5723f\" data-id=\"4ed5723f\" data-element_type=\"column\" data-settings=\"{&quot;background_background&quot;:&quot;classic&quot;}\">\n\t\t\t<div class=\"elementor-widget-wrap elementor-element-populated\">\n\t\t\t\t\t<div class=\"elementor-background-overlay\"><\/div>\n\t\t\t\t\t\t<div class=\"elementor-element elementor-element-f077622 elementor-widget elementor-widget-text-editor\" data-id=\"f077622\" data-element_type=\"widget\" data-widget_type=\"text-editor.default\">\n\t\t\t\t<div class=\"elementor-widget-container\">\n\t\t\t\t\t\t\t\t\t<ul>\n<li>Padecimientos respiratorios<\/li>\n<li>Colesterol<\/li>\n<li>Diabetes<\/li>\n<li>Anemia<\/li>\n<li>Hipertensi\u00f3n<\/li>\n<li>Curaciones de:<br><ul style=\"list-style-type: none;\">\n<li style=\"position: relative;\"><span style=\"position: absolute; left: -20px; color: #2bb069;\">\u25aa<\/span>Golpes<\/li>\n<li style=\"position: relative;\"><span style=\"position: absolute; left: -20px; color: #2bb069;\">\u25aa<\/span>Heridas y lesiones<\/li>\n<\/ul>\n<\/li>\n<li>Aplicaci\u00f3n de :<br><ul style=\"list-style-type: none;\">\n<li style=\"position: relative;\"><span style=\"position: absolute; left: -20px; color: #2bb069;\">\u25aa<\/span>Sueros vitaminados<\/li>\n<li style=\"position: relative;\"><span style=\"position: absolute; left: -20px; color: #2bb069;\">\u25aa<\/span>Inyecciones<\/li>\n<\/ul>\n<\/li>\n<\/ul>\t\t\t\t\t\t\t\t<\/div>\n\t\t\t\t<\/div>\n\t\t\t\t\t<\/div>\n\t\t<\/div>\n\t\t\t\t<div class=\"elementor-column elementor-col-50 elementor-inner-column elementor-element elementor-element-4b8f3e86\" data-id=\"4b8f3e86\" data-element_type=\"column\" data-settings=\"{&quot;background_background&quot;:&quot;classic&quot;}\">\n\t\t\t<div class=\"elementor-widget-wrap elementor-element-populated\">\n\t\t\t\t\t\t<div class=\"elementor-element elementor-element-3ac07c6 elementor-widget elementor-widget-text-editor\" data-id=\"3ac07c6\" data-element_type=\"widget\" data-widget_type=\"text-editor.default\">\n\t\t\t\t<div class=\"elementor-widget-container\">\n\t\t\t\t\t\t\t\t\t<ul>\n<li>Consultas Nutricionales<\/li><li><span style=\"font-style: inherit; letter-spacing: 0px; text-align: var(--text-align); color: var(--ast-global-color-3);\">Afecciones gastrointestinales<\/span><\/li>\n<li>Nebulizaciones y oxigenaci\u00f3n<\/li>\n<li>Detecci\u00f3n de trastornos de la alimentaci\u00f3n y de la salud mental<\/li>\n<li>Detecci\u00f3n de adicciones<\/li>\n<li style=\"list-style-type: none;\">Toma de:<br><ul style=\"list-style-type: none;\">\n<li style=\"position: relative;\"><span style=\"position: absolute; left: -20px; color: #2bb069;\">\u25aa<\/span>Presi\u00f3n<\/li>\n<li style=\"position: relative;\"><span style=\"position: absolute; left: -20px; color: #2bb069;\">\u25aa<\/span>Temperatura<\/li>\n<li style=\"position: relative;\"><span style=\"position: absolute; left: -20px; color: #2bb069;\">\u25aa<\/span>Glucosa<\/li>\n<\/ul>\n<\/li>\n<li>Certificados m\u00e9dicos<\/li>\n<\/ul>\t\t\t\t\t\t\t\t<\/div>\n\t\t\t\t<\/div>\n\t\t\t\t\t<\/div>\n\t\t<\/div>\n\t\t\t\t\t<\/div>\n\t\t<\/section>\n\t\t<div class=\"elementor-element elementor-element-498114f e-flex e-con-boxed e-con e-parent\" data-id=\"498114f\" data-element_type=\"container\" data-settings=\"{&quot;background_background&quot;:&quot;classic&quot;}\">\n\t\t\t\t\t<div class=\"e-con-inner\">\n\t\t<div class=\"elementor-element elementor-element-e1bfbb5 e-flex e-con-boxed e-con e-child\" data-id=\"e1bfbb5\" data-element_type=\"container\">\n\t\t\t\t\t<div class=\"e-con-inner\">\n\t\t\t\t<div class=\"elementor-element elementor-element-3551548 elementor-widget elementor-widget-text-editor\" data-id=\"3551548\" data-element_type=\"widget\" data-widget_type=\"text-editor.default\">\n\t\t\t\t<div class=\"elementor-widget-container\">\n\t\t\t\t\t\t\t\t\t<p>En &#8220;M\u00e1s Vida&#8221;, creemos que tener acceso a atenci\u00f3n m\u00e9dica de calidad es esencial para llevar una vida plena y saludable.<\/p><p>Nuestros m\u00e9dicos est\u00e1n comprometidos a proporcionarte un servicio profesional e integral que se adapte a tus necesidades individuales.<\/p>\t\t\t\t\t\t\t\t<\/div>\n\t\t\t\t<\/div>\n\t\t\t\t\t<\/div>\n\t\t\t\t<\/div>\n\t\t\t\t\t<\/div>\n\t\t\t\t<\/div>\n\t\t<div class=\"elementor-element elementor-element-34cf515 e-con-full e-flex e-con e-parent\" data-id=\"34cf515\" data-element_type=\"container\">\n\t\t\t\t<div class=\"elementor-element elementor-element-f4b9357 elementor-align-center elementor-widget__width-inherit elementor-widget elementor-widget-button\" data-id=\"f4b9357\" data-element_type=\"widget\" data-widget_type=\"button.default\">\n\t\t\t\t<div class=\"elementor-widget-container\">\n\t\t\t\t\t\t\t\t\t<div class=\"elementor-button-wrapper\">\n\t\t\t\t\t<a class=\"elementor-button elementor-button-link elementor-size-lg\" href=\"https:\/\/masvidaacapulco.com\/index.php\/contacto\/\">\n\t\t\t\t\t\t<span class=\"elementor-button-content-wrapper\">\n\t\t\t\t\t\t\t\t\t<span class=\"elementor-button-text\">Comienza el proceso<\/span>\n\t\t\t\t\t<\/span>\n\t\t\t\t\t<\/a>\n\t\t\t\t<\/div>\n\t\t\t\t\t\t\t\t<\/div>\n\t\t\t\t<\/div>\n\t\t\t\t<\/div>\n\t\t\t\t<\/div>\n\t\t","protected":false},"excerpt":{"rendered":"<p>Consultorio En &#8220;M\u00e1s Vida&#8221;, adem\u00e1s de ofrecer an\u00e1lisis cl\u00ednicos de calidad, ofrecemos consulta m\u00e9dica personalizada, para cuidar tu salud integral. \u00bfTienes alguna duda sobre s\u00edntomas que est\u00e1s experimentando? \u00bfNecesitas consejos para mejorar tu alimentaci\u00f3n y h\u00e1bitos diarios? \u00bfQuieres informaci\u00f3n sobre prevenci\u00f3n de enfermedades? En nuestro Consultorio, estamos listos para escucharte y proporcionarte la ayuda que [&hellip;]<\/p>\n","protected":false},"author":1,"featured_media":0,"parent":0,"menu_order":0,"comment_status":"closed","ping_status":"closed","template":"","meta":{"om_disable_all_campaigns":false,"_monsterinsights_skip_tracking":false,"_monsterinsights_sitenote_active":false,"_monsterinsights_sitenote_note":"","_monsterinsights_sitenote_category":0,"site-sidebar-layout":"no-sidebar","site-content-layout":"page-builder","ast-site-content-layout":"","site-content-style":"default","site-sidebar-style":"default","ast-global-header-display":"","ast-banner-title-visibility":"","ast-main-header-display":"","ast-hfb-above-header-display":"","ast-hfb-below-header-display":"","ast-hfb-mobile-header-display":"","site-post-title":"disabled","ast-breadcrumbs-content":"","ast-featured-img":"disabled","footer-sml-layout":"","theme-transparent-header-meta":"enabled","adv-header-id-meta":"","stick-header-meta":"","header-above-stick-meta":"","header-main-stick-meta":"","header-below-stick-meta":"","astra-migrate-meta-layouts":"default","ast-page-background-enabled":"default","ast-page-background-meta":{"desktop":{"background-color":"","background-image":"","background-repeat":"repeat","background-position":"center center","background-size":"auto","background-attachment":"scroll","background-type":"","background-media":"","overlay-type":"","overlay-color":"","overlay-gradient":""},"tablet":{"background-color":"","background-image":"","background-repeat":"repeat","background-position":"center center","background-size":"auto","background-attachment":"scroll","background-type":"","background-media":"","overlay-type":"","overlay-color":"","overlay-gradient":""},"mobile":{"background-color":"","background-image":"","background-repeat":"repeat","background-position":"center center","background-size":"auto","background-attachment":"scroll","background-type":"","background-media":"","overlay-type":"","overlay-color":"","overlay-gradient":""}},"ast-content-background-meta":{"desktop":{"background-color":"var(--ast-global-color-5)","background-image":"","background-repeat":"repeat","background-position":"center center","background-size":"auto","background-attachment":"scroll","background-type":"","background-media":"","overlay-type":"","overlay-color":"","overlay-gradient":""},"tablet":{"background-color":"var(--ast-global-color-5)","background-image":"","background-repeat":"repeat","background-position":"center center","background-size":"auto","background-attachment":"scroll","background-type":"","background-media":"","overlay-type":"","overlay-color":"","overlay-gradient":""},"mobile":{"background-color":"var(--ast-global-color-5)","background-image":"","background-repeat":"repeat","background-position":"center center","background-size":"auto","background-attachment":"scroll","background-type":"","background-media":"","overlay-type":"","overlay-color":"","overlay-gradient":""}},"footnotes":""},"aioseo_notices":[],"_links":{"self":[{"href":"https:\/\/masvidaacapulco.com\/index.php\/wp-json\/wp\/v2\/pages\/1798"}],"collection":[{"href":"https:\/\/masvidaacapulco.com\/index.php\/wp-json\/wp\/v2\/pages"}],"about":[{"href":"https:\/\/masvidaacapulco.com\/index.php\/wp-json\/wp\/v2\/types\/page"}],"author":[{"embeddable":true,"href":"https:\/\/masvidaacapulco.com\/index.php\/wp-json\/wp\/v2\/users\/1"}],"replies":[{"embeddable":true,"href":"https:\/\/masvidaacapulco.com\/index.php\/wp-json\/wp\/v2\/comments?post=1798"}],"version-history":[{"count":157,"href":"https:\/\/masvidaacapulco.com\/index.php\/wp-json\/wp\/v2\/pages\/1798\/revisions"}],"predecessor-version":[{"id":2726,"href":"https:\/\/masvidaacapulco.com\/index.php\/wp-json\/wp\/v2\/pages\/1798\/revisions\/2726"}],"wp:attachment":[{"href":"https:\/\/masvidaacapulco.com\/index.php\/wp-json\/wp\/v2\/media?parent=1798"}],"curies":[{"name":"wp","href":"https:\/\/api.w.org\/{rel}","templated":true}]}}